{"id":32,"date":"2019-01-25T15:32:20","date_gmt":"2019-01-25T14:32:20","guid":{"rendered":"http:\/\/www.vdtechservicepc.be\/?page_id=32"},"modified":"2025-07-11T16:29:16","modified_gmt":"2025-07-11T14:29:16","slug":"news-et-promos","status":"publish","type":"page","link":"https:\/\/www.vdtechservice.be\/?page_id=32","title":{"rendered":"Mat\u00e9riel Neuf"},"content":{"rendered":"\n<p>N&rsquo;h\u00e9sitez pas \u00e0 nous contacter pour tous compl\u00e9ments d&rsquo;informations !&nbsp;<\/p>\n\n\n\n<p><span style=\"color: #ac2000;\"><b>VDTECHSERVICE SPRL<\/b><\/span><strong>&nbsp;<\/strong>\u2013 Rue de Lavaulx, 25 \u2013 4357 Jeneffe \u2013 t\u00e9l : 04\/250.24.49<\/p>\n\n\n\n<p>Responsable : <br><span style=\"color: #ac2000;\"><strong>Yves Daxhelet<\/strong>&nbsp;\u2013&nbsp;<\/span><a href=\"mailto:vente@vdtechservice.be\"><span style=\"color: #ac2000;\">vente@vdtechservice.be<\/span><\/a> \u2013 t\u00e9l : 0493\/55.98.25<\/p>\n\n\n\n<div class=\"wp-block-media-text is-stacked-on-mobile\"><figure class=\"wp-block-media-text__media\"><img loading=\"lazy\" decoding=\"async\" width=\"1000\" height=\"910\" src=\"https:\/\/www.vdtechservice.be\/wp-content\/uploads\/2024\/04\/stock.jpg\" alt=\"\" class=\"wp-image-1825 size-full\" srcset=\"https:\/\/www.vdtechservice.be\/wp-content\/uploads\/2024\/04\/stock.jpg 1000w, https:\/\/www.vdtechservice.be\/wp-content\/uploads\/2024\/04\/stock-300x273.jpg 300w, https:\/\/www.vdtechservice.be\/wp-content\/uploads\/2024\/04\/stock-768x699.jpg 768w\" sizes=\"auto, (max-width: 706px) 89vw, (max-width: 767px) 82vw, 740px\" \/><\/figure><div class=\"wp-block-media-text__content\">\n<h2 class=\"wp-block-heading has-medium-font-size\"><strong><em><mark style=\"background-color:rgba(0, 0, 0, 0)\" class=\"has-inline-color has-vivid-red-color\">Tracteurs <\/mark><\/em><\/strong><\/h2>\n\n\n\n<ul class=\"wp-block-list\">\n<li>CASE IH PUMA 175 CVX<\/li>\n\n\n\n<li>CASE IH PUMA 220 CVX<\/li>\n<\/ul>\n\n\n\n<p class=\"has-vivid-green-cyan-color has-text-color has-link-color has-medium-font-size wp-elements-e04da7eeac218ef066fdc44ffe718640\"><strong><em>Fenaison<\/em><\/strong><\/p>\n\n\n\n<ul class=\"wp-block-list\">\n<li>KRONE Faucheuse ActiveMow R280<\/li>\n\n\n\n<li>KRONE Andaineur Swadro S380<\/li>\n<\/ul>\n\n\n\n<h2 class=\"wp-block-heading has-text-color has-link-color has-medium-font-size wp-elements-88275622b0aeb5b6ca1802a0950170c5\" style=\"color:#f7fc00\"><strong><em><mark style=\"background-color:rgba(0, 0, 0, 0)\" class=\"has-inline-color has-vivid-cyan-blue-color\">Travail du sol <\/mark><\/em><\/strong><\/h2>\n\n\n\n<ul class=\"wp-block-list\">\n<li>SKY combin\u00e9 de semis 3m Tramline &amp; HR190<\/li>\n\n\n\n<li>LEMKEN Karat 10\/300<\/li>\n\n\n\n<li>LEMKEN Karat 10\/400 K<\/li>\n\n\n\n<li>LEMKEN Heliodor 9\/500 K<\/li>\n<\/ul>\n<\/div><\/div>\n\n\n\n<ul class=\"wp-block-list\"><\/ul>\n\n\n\n<iframe loading=\"lazy\" src=\"https:\/\/www.facebook.com\/plugins\/page.php?href=https%3A%2F%2Fwww.facebook.com%2Fvdtechservice&#038;tabs=timeline&#038;width=1000&#038;height=1000&#038;small_header=false&#038;adapt_container_width=true&#038;hide_cover=false&#038;show_facepile=true&#038;appId\" width=\"1000\" height=\"1000\" style=\"border:none;overflow:hidden\" scrolling=\"no\" frameborder=\"0\" allowTransparency=\"true\" allow=\"encrypted-media\"><\/iframe>\n","protected":false},"excerpt":{"rendered":"<p>N&rsquo;h\u00e9sitez pas \u00e0 nous contacter pour tous compl\u00e9ments d&rsquo;informations !&nbsp; VDTECHSERVICE SPRL&nbsp;\u2013 Rue de Lavaulx, 25 \u2013 4357 Jeneffe \u2013 t\u00e9l : 04\/250.24.49 Responsable : Yves Daxhelet&nbsp;\u2013&nbsp;vente@vdtechservice.be \u2013 t\u00e9l : 0493\/55.98.25<\/p>\n","protected":false},"author":1,"featured_media":0,"parent":0,"menu_order":0,"comment_status":"closed","ping_status":"closed","template":"","meta":{"footnotes":""},"class_list":["post-32","page","type-page","status-publish","hentry"],"_links":{"self":[{"href":"https:\/\/www.vdtechservice.be\/index.php?rest_route=\/wp\/v2\/pages\/32","targetHints":{"allow":["GET"]}}],"collection":[{"href":"https:\/\/www.vdtechservice.be\/index.php?rest_route=\/wp\/v2\/pages"}],"about":[{"href":"https:\/\/www.vdtechservice.be\/index.php?rest_route=\/wp\/v2\/types\/page"}],"author":[{"embeddable":true,"href":"https:\/\/www.vdtechservice.be\/index.php?rest_route=\/wp\/v2\/users\/1"}],"replies":[{"embeddable":true,"href":"https:\/\/www.vdtechservice.be\/index.php?rest_route=%2Fwp%2Fv2%2Fcomments&post=32"}],"version-history":[{"count":26,"href":"https:\/\/www.vdtechservice.be\/index.php?rest_route=\/wp\/v2\/pages\/32\/revisions"}],"predecessor-version":[{"id":1945,"href":"https:\/\/www.vdtechservice.be\/index.php?rest_route=\/wp\/v2\/pages\/32\/revisions\/1945"}],"wp:attachment":[{"href":"https:\/\/www.vdtechservice.be\/index.php?rest_route=%2Fwp%2Fv2%2Fmedia&parent=32"}],"curies":[{"name":"wp","href":"https:\/\/api.w.org\/{rel}","templated":true}]}}